{"id":130,"date":"2021-06-10T09:46:44","date_gmt":"2021-06-10T07:46:44","guid":{"rendered":"https:\/\/anemoner.dk\/?page_id=130"},"modified":"2021-06-11T09:39:20","modified_gmt":"2021-06-11T07:39:20","slug":"hvad-kan-vi-samarbejde-om","status":"publish","type":"page","link":"https:\/\/anemoner.dk\/?page_id=130","title":{"rendered":"Hvad kan vi samarbejde om?"},"content":{"rendered":"\n<h2 class=\"wp-block-heading\">Strategisk kommunikation<\/h2>\n\n\n\n<p>Som lille eller mellemstor virksomhed har man ikke altid et budget, der g\u00f8r det muligt at have en strategisk kommunikationsr\u00e5dgiver ansat. Og ofte er der s\u00e5 meget fart p\u00e5 i hverdagen, at man nedprioriterer at kalibrere organisationens f\u00e6lles kompas, efterh\u00e5nden som virksomheden udvikler sig. Det er \u00e6rgerligt, for n\u00e5r kompasset er rigtigt indstillet og kan vise vej for organisationens ansatte som samlet hele, er det langt lettere at blive enige om, hvordan man kommer fra A til B, og hvorfor det er vigtigt at n\u00e5 hen til B. Derfor kan det v\u00e6re en god id\u00e9 at lave et \u00e5rligt tjek \u2013 eller er man helt p\u00e5 bar bund, f\u00e5 skabt en proces, som s\u00e6tter retningen for hele virksomheden.<\/p>\n\n\n\n<p>Jeg hj\u00e6lper med at indstille kompasset rigtigt og skabe retning, s\u00e5 hele organisationen kan bruge de samme budskaber i virksomhedens kommunikation \u2013 b\u00e5de udadtil og indadtil.<\/p>\n\n\n\n<p>Her er ingredienserne til den proces:<\/p>\n\n\n\n<ul class=\"wp-block-list\"><li>Research- og workshopforl\u00f8b, hvor vi indkredser din virksomheds historie, vision og vigtigste m\u00e5ls\u00e6tninger,<br><\/li><li>Virksomhedens \u2018forst\u00e5elsespapir\u2019, som indeholder den fort\u00e6lling om virksomheden, som b\u00e5de ledelsen, produktionen og bogholderiet kan nikke genkendende til,<br><\/li><li>Kernebudskaber, som giver jeres kommunikation klare retningslinjer og g\u00f8r det nemt at implementere jeres fort\u00e6lling i jeres kommunikation og branding, b\u00e5de internt og eksternt,<br><\/li><li>Formulering af v\u00e6rdier, vision og mission, s\u00e5 jeres organisation altid har kompasset rigtigt indstillet,<br><\/li><li>R\u00e5dgivning i og udarbejdelse af kommunikationsprodukter, som er allignet med b\u00e5de virksomhedens strategiske m\u00e5l og medarbejdernes realiteter,<br><\/li><li>R\u00e5dgivning i hvordan I fremadrettet bruger jeres kernefort\u00e6lling, budskaber og v\u00e6rdier, s\u00e5 I holder retningen.<\/li><\/ul>\n\n\n\n<hr class=\"wp-block-separator\"\/>\n\n\n\n<h2 class=\"wp-block-heading\">Onlinekurser<\/h2>\n\n\n\n<p>Mange dr\u00f8mmer om at blive rige af at have onlinekurser p\u00e5 deres website. Det g\u00f8r mine kunder ikke. Det er i hvert ikke det, der driver dem til at investere i at f\u00e5 udviklet et onlinekursus. De g\u00f8r det, fordi de har en realistisk forventning om, at deres viden er til gavn for et udvalg af <em>deres<\/em> kunder. Det giver dem en passiv indtjening, og investeringen betaler sig hurtigt hjem. Derfor <em>kan<\/em> det v\u00e6re en virkelig god investering for dig, som har v\u00e6rdifuld viden til salg.<\/p>\n\n\n\n<p>Det eneste hv-sp\u00f8rgsm\u00e5l vedr\u00f8rende onlinekurser, som der s\u00f8ges p\u00e5 Google, er \u2018<em>onlinekursus hvordan<\/em>\u2019* (*answerthepublic.com). Det siger noget om, at der er masser af mennesker, som \u00f8nsker at udvikle deres eget onlinekursus, men de ved ikke hvordan. Og jeg h\u00f8rer ofte, at n\u00e5r man f\u00f8rst finder ud af hvordan, s\u00e5 bliver det sv\u00e6rt, fordi det kr\u00e6ver b\u00e5de formidlingsm\u00e6ssige, kreative og tekniske kompetencer, som ikke n\u00f8dvendigvis er kernekompetencer for en coach, terapeut, underviser og andre, som er eksperter i at hj\u00e6lpe andre mennesker.<\/p>\n\n\n\n<p>Derfor l\u00f8ser jeg de opgaver, som kan drille:<\/p>\n\n\n\n<ul class=\"wp-block-list\"><li>Hj\u00e6lp til at strukturere dit kursusmateriale, s\u00e5 dine vigtigste budskaber bliver skarptvinklet,<br><\/li><li>Hj\u00e6lp til manus \/ noter i det format, der bedst passer dig,<br><\/li><li>Udarbejdelse af kreativ pr\u00e6sentation, der matcher dit manus, din m\u00e5lgruppe og din visuelle identitet,<br><\/li><li>Kompakt video-setup med teleprompting, god billedkvalitet og l\u00e6kker lyd,<br><\/li><li>Videoredigering og udarbejdelse af mp4-fil med integreret pr\u00e6sentation,<br><\/li><li>Ops\u00e6tning p\u00e5 din kursusplatform,<br><\/li><li>Tips til online markedsf\u00f8ring.<\/li><\/ul>\n\n\n\n<hr class=\"wp-block-separator\"\/>\n\n\n\n<h2 class=\"wp-block-heading\">Flere attributter<\/h2>\n\n\n\n<p>Min baggrund er malet med bred pensel, og jeg tager erfaring med mig fra mange forskellige brancher \u2013 alt fra mode, turisme, HR og coaching til byggeriet, og s\u00e5 har jeg besk\u00e6ftiget mig en del med b\u00e6redygtighed. Jeg har lavet alt fra klassisk journalistik over strategisk kommunikationsr\u00e5dgivning til branding og markedsf\u00f8ring, og st\u00e5et for udarbejdelse af magasin, salgsmateriale, \u00e5rsrapporter, forretningsplaner, tilbud og CV\u2019er. Jeg har ogs\u00e5 v\u00e6ret med til at bygge en pavillon i tr\u00e6 p\u00e5 Folkem\u00f8det p\u00e5 Bornholm, st\u00e5et for program til en stor Folkem\u00f8de-indsats og s\u00e5gar v\u00e6ret moderator p\u00e5 flere debatter.<\/p>\n\n\n\n<p>Hvis der er noget p\u00e5 listen, du synes lyder interessant og brugbart for din virksomhed, s\u00e5 tag gerne fat i mig \u2013 jeg lytter altid gerne og vil gerne hj\u00e6lpe med at kvalificere dine id\u00e9er.<\/p>\n","protected":false},"excerpt":{"rendered":"<div class=\"entry-summary\">\nStrategisk kommunikation Som lille eller mellemstor virksomhed har man ikke altid et budget, der g\u00f8r det muligt at have en strategisk kommunikationsr\u00e5dgiver ansat. Og ofte er der s\u00e5 meget fart p\u00e5 i hverdagen, at man nedprioriterer at kalibrere organisationens f\u00e6lles&hellip;\n<\/div>\n<div class=\"link-more\"><a href=\"https:\/\/anemoner.dk\/?page_id=130\" class=\"more-link\">Continue reading<span class=\"screen-reader-text\"> &ldquo;Hvad kan vi samarbejde om?&rdquo;<\/span>&hellip;<\/a><\/div>\n","protected":false},"author":1,"featured_media":0,"parent":0,"menu_order":0,"comment_status":"closed","ping_status":"closed","template":"","meta":{"footnotes":""},"class_list":["post-130","page","type-page","status-publish","hentry","entry"],"_links":{"self":[{"href":"https:\/\/anemoner.dk\/index.php?rest_route=\/wp\/v2\/pages\/130","targetHints":{"allow":["GET"]}}],"collection":[{"href":"https:\/\/anemoner.dk\/index.php?rest_route=\/wp\/v2\/pages"}],"about":[{"href":"https:\/\/anemoner.dk\/index.php?rest_route=\/wp\/v2\/types\/page"}],"author":[{"embeddable":true,"href":"https:\/\/anemoner.dk\/index.php?rest_route=\/wp\/v2\/users\/1"}],"replies":[{"embeddable":true,"href":"https:\/\/anemoner.dk\/index.php?rest_route=%2Fwp%2Fv2%2Fcomments&post=130"}],"version-history":[{"count":3,"href":"https:\/\/anemoner.dk\/index.php?rest_route=\/wp\/v2\/pages\/130\/revisions"}],"predecessor-version":[{"id":151,"href":"https:\/\/anemoner.dk\/index.php?rest_route=\/wp\/v2\/pages\/130\/revisions\/151"}],"wp:attachment":[{"href":"https:\/\/anemoner.dk\/index.php?rest_route=%2Fwp%2Fv2%2Fmedia&parent=130"}],"curies":[{"name":"wp","href":"https:\/\/api.w.org\/{rel}","templated":true}]}}