{"id":133,"date":"2021-06-10T09:46:53","date_gmt":"2021-06-10T07:46:53","guid":{"rendered":"https:\/\/anemoner.dk\/?page_id=133"},"modified":"2021-06-10T10:00:32","modified_gmt":"2021-06-10T08:00:32","slug":"titler-og-telefonnumre","status":"publish","type":"page","link":"https:\/\/anemoner.dk\/?page_id=133","title":{"rendered":"Titler og telefonnumre"},"content":{"rendered":"\n<h2 class=\"wp-block-heading\">Du ringer bare<\/h2>\n\n\n\n<p>Jeg er b\u00e5de CEO, kvalitetsmanager, kommunikationschef, bogholder, chief happiness officer og alt det andet i Anemoner. <\/p>\n\n\n\n<p>S\u00e5 du ringer bare p\u00e5 et og samme nummer og f\u00e5r en snak om de muligheder, som netop du st\u00e5r med. Vi kan vende dine id\u00e9er, vi kan ogs\u00e5 m\u00f8des, og du kan f\u00e5 et uforpligtende tilbud p\u00e5 l\u00f8sninger, som er m\u00e5lrettet din virksomhed og ingen anden.<\/p>\n\n\n\n<div style=\"height:100px\" aria-hidden=\"true\" class=\"wp-block-spacer\"><\/div>\n\n\n\n<p>Anemoner v\/ Ane Vestbjerg<br>M: 22 55 19 27<br>E: <a rel=\"noreferrer noopener\" href=\"mailto:hej@anemoner.dk\" target=\"_blank\">hej@anemoner.dk<\/a><br>CVR: 4229 5159<\/p>\n\n\n\n<div style=\"height:100px\" aria-hidden=\"true\" class=\"wp-block-spacer\"><\/div>\n\n\n\n<figure class=\"wp-block-image size-large\"><img loading=\"lazy\" decoding=\"async\" width=\"1024\" height=\"627\" src=\"https:\/\/anemoner.dk\/wp-content\/uploads\/2021\/06\/Ane-16-scaled-e1623311950477-1024x627.jpg\" alt=\"\" class=\"wp-image-88\" srcset=\"https:\/\/anemoner.dk\/wp-content\/uploads\/2021\/06\/Ane-16-scaled-e1623311950477-1024x627.jpg 1024w, https:\/\/anemoner.dk\/wp-content\/uploads\/2021\/06\/Ane-16-scaled-e1623311950477-300x184.jpg 300w, https:\/\/anemoner.dk\/wp-content\/uploads\/2021\/06\/Ane-16-scaled-e1623311950477-768x470.jpg 768w, https:\/\/anemoner.dk\/wp-content\/uploads\/2021\/06\/Ane-16-scaled-e1623311950477-1536x941.jpg 1536w, https:\/\/anemoner.dk\/wp-content\/uploads\/2021\/06\/Ane-16-scaled-e1623311950477-2048x1254.jpg 2048w\" sizes=\"auto, (max-width: 1024px) 100vw, 1024px\" \/><\/figure>\n","protected":false},"excerpt":{"rendered":"<div class=\"entry-summary\">\nDu ringer bare Jeg er b\u00e5de CEO, kvalitetsmanager, kommunikationschef, bogholder, chief happiness officer og alt det andet i Anemoner. S\u00e5 du ringer bare p\u00e5 et og samme nummer og f\u00e5r en snak om de muligheder, som netop du st\u00e5r med.&hellip;\n<\/div>\n<div class=\"link-more\"><a href=\"https:\/\/anemoner.dk\/?page_id=133\" class=\"more-link\">Continue reading<span class=\"screen-reader-text\"> &ldquo;Titler og telefonnumre&rdquo;<\/span>&hellip;<\/a><\/div>\n","protected":false},"author":1,"featured_media":0,"parent":0,"menu_order":0,"comment_status":"closed","ping_status":"closed","template":"","meta":{"footnotes":""},"class_list":["post-133","page","type-page","status-publish","hentry","entry"],"_links":{"self":[{"href":"https:\/\/anemoner.dk\/index.php?rest_route=\/wp\/v2\/pages\/133","targetHints":{"allow":["GET"]}}],"collection":[{"href":"https:\/\/anemoner.dk\/index.php?rest_route=\/wp\/v2\/pages"}],"about":[{"href":"https:\/\/anemoner.dk\/index.php?rest_route=\/wp\/v2\/types\/page"}],"author":[{"embeddable":true,"href":"https:\/\/anemoner.dk\/index.php?rest_route=\/wp\/v2\/users\/1"}],"replies":[{"embeddable":true,"href":"https:\/\/anemoner.dk\/index.php?rest_route=%2Fwp%2Fv2%2Fcomments&post=133"}],"version-history":[{"count":3,"href":"https:\/\/anemoner.dk\/index.php?rest_route=\/wp\/v2\/pages\/133\/revisions"}],"predecessor-version":[{"id":150,"href":"https:\/\/anemoner.dk\/index.php?rest_route=\/wp\/v2\/pages\/133\/revisions\/150"}],"wp:attachment":[{"href":"https:\/\/anemoner.dk\/index.php?rest_route=%2Fwp%2Fv2%2Fmedia&parent=133"}],"curies":[{"name":"wp","href":"https:\/\/api.w.org\/{rel}","templated":true}]}}