{"id":64,"date":"2021-06-10T09:46:23","date_gmt":"2021-06-10T07:46:23","guid":{"rendered":"https:\/\/anemoner.dk\/?page_id=64"},"modified":"2021-06-11T13:33:56","modified_gmt":"2021-06-11T11:33:56","slug":"hej","status":"publish","type":"page","link":"https:\/\/anemoner.dk\/","title":{"rendered":"Hej!"},"content":{"rendered":"\n<p>Hos Anemoner f\u00e5r du ekstrapersonlig hj\u00e6lp og r\u00e5dgivning til udf\u00f8relse af din n\u00e6ste kommunikationsopgave.<\/p>\n\n\n\n<p>Din virksomhed skal boostes. Der er derfor, du er kommet til mig. M\u00e5ske vil du gerne lave et onlinekursus, som kan tjene penge for dig p\u00e5 din hjemmeside. M\u00e5ske vil du gerne have en brandingstrategi, der samler b\u00e5de din organisation og din kommunikation omkring din virksomheds vigtigste kernebudskaber. M\u00e5ske s\u00f8ger du den retning p\u00e5 din interne kommunikation, som kan engagere og motivere dine medarbejdere. Hvad end det er, kan jeg hj\u00e6lpe \u2013 med byens fineste fornemmelse for netop DIN virksomhed.<\/p>\n\n\n\n<p>Hos mig finder du to specialer, som nok er forskellige, men alligevel g\u00e5r h\u00e5nd i h\u00e5nd: Kommunikationsr\u00e5dgivning og hj\u00e6lp til online kursus- eller coaching-content.<\/p>\n\n\n\n<p>Dels er Anemoner et mini-kommunikationsbureau, som tilbyder workshops og r\u00e5dgivning til en anden pris end du ellers finder p\u00e5 markedet. Hos mig skal du ikke betale for en dyr adresse i indre by, et stort marketing-setup eller en masse grafisk lir, som f\u00e5r mig til at fremst\u00e5 som en, der kan det hele. Du f\u00e5r kun det v\u00e6sentligste: Processen med at finde ind til din virksomheds kernebudskaber, og hvordan du kan oms\u00e6tte dem i din kommunikation b\u00e5de internt og eksternt.<\/p>\n\n\n\n<p>Dels er Anemoner ogs\u00e5 stedet for dem, som dr\u00f8mmer om at have et online-kursus liggende p\u00e5 deres hjemmeside. Jeg laver det, som er uoverskueligt for dig, som har dr\u00f8mmen, ideen og den viden, som <em>din<\/em> kunde betaler for. Det, du mangler eller ikke orker, er sikkert struktur p\u00e5 dit kursusmateriale, vinkling, pr\u00e6sentation eller den tekniske udf\u00f8relse, som alt sammen er det, jeg br\u00e6nder for. S\u00e5 vi fletter det sammen: Du g\u00f8r det, du synes der er sjovt, og s\u00e5 l\u00e6ner du dig tilbage, imens jeg g\u00f8r det, du synes der er sv\u00e6rt.<\/p>\n\n\n\n<hr class=\"wp-block-separator\"\/>\n\n\n\n<figure class=\"wp-block-image size-large\"><img loading=\"lazy\" decoding=\"async\" width=\"1024\" height=\"389\" src=\"https:\/\/anemoner.dk\/wp-content\/uploads\/2021\/06\/Ane-19-scaled-e1623311608712-1024x389.jpg\" alt=\"\" class=\"wp-image-91\" srcset=\"https:\/\/anemoner.dk\/wp-content\/uploads\/2021\/06\/Ane-19-scaled-e1623311608712-1024x389.jpg 1024w, https:\/\/anemoner.dk\/wp-content\/uploads\/2021\/06\/Ane-19-scaled-e1623311608712-300x114.jpg 300w, https:\/\/anemoner.dk\/wp-content\/uploads\/2021\/06\/Ane-19-scaled-e1623311608712-768x292.jpg 768w, https:\/\/anemoner.dk\/wp-content\/uploads\/2021\/06\/Ane-19-scaled-e1623311608712-1536x583.jpg 1536w, https:\/\/anemoner.dk\/wp-content\/uploads\/2021\/06\/Ane-19-scaled-e1623311608712-2048x778.jpg 2048w\" sizes=\"auto, (max-width: 1024px) 100vw, 1024px\" \/><\/figure>\n\n\n\n<p>Jeg s\u00e6tter en \u00e6re i at forst\u00e5 dine ideer og visioner og i at l\u00e6re din virksomhed at kende. Derfor er du hos Anemoner altid garanteret en skr\u00e6ddersyet l\u00f8sning til netop dig.<\/p>\n\n\n\n<p>Ring og vend dine id\u00e9er p\u00e5 22 55 19 27.<\/p>\n\n\n\n<h2 class=\"wp-block-heading\"><\/h2>\n","protected":false},"excerpt":{"rendered":"<div class=\"entry-summary\">\nHos Anemoner f\u00e5r du ekstrapersonlig hj\u00e6lp og r\u00e5dgivning til udf\u00f8relse af din n\u00e6ste kommunikationsopgave. Din virksomhed skal boostes. Der er derfor, du er kommet til mig. M\u00e5ske vil du gerne lave et onlinekursus, som kan tjene penge for dig p\u00e5&hellip;\n<\/div>\n<div class=\"link-more\"><a href=\"https:\/\/anemoner.dk\/\" class=\"more-link\">Continue reading<span class=\"screen-reader-text\"> &ldquo;Hej!&rdquo;<\/span>&hellip;<\/a><\/div>\n","protected":false},"author":1,"featured_media":0,"parent":0,"menu_order":0,"comment_status":"closed","ping_status":"closed","template":"","meta":{"footnotes":""},"class_list":["post-64","page","type-page","status-publish","hentry","entry"],"_links":{"self":[{"href":"https:\/\/anemoner.dk\/index.php?rest_route=\/wp\/v2\/pages\/64","targetHints":{"allow":["GET"]}}],"collection":[{"href":"https:\/\/anemoner.dk\/index.php?rest_route=\/wp\/v2\/pages"}],"about":[{"href":"https:\/\/anemoner.dk\/index.php?rest_route=\/wp\/v2\/types\/page"}],"author":[{"embeddable":true,"href":"https:\/\/anemoner.dk\/index.php?rest_route=\/wp\/v2\/users\/1"}],"replies":[{"embeddable":true,"href":"https:\/\/anemoner.dk\/index.php?rest_route=%2Fwp%2Fv2%2Fcomments&post=64"}],"version-history":[{"count":7,"href":"https:\/\/anemoner.dk\/index.php?rest_route=\/wp\/v2\/pages\/64\/revisions"}],"predecessor-version":[{"id":159,"href":"https:\/\/anemoner.dk\/index.php?rest_route=\/wp\/v2\/pages\/64\/revisions\/159"}],"wp:attachment":[{"href":"https:\/\/anemoner.dk\/index.php?rest_route=%2Fwp%2Fv2%2Fmedia&parent=64"}],"curies":[{"name":"wp","href":"https:\/\/api.w.org\/{rel}","templated":true}]}}